{"id":2867,"date":"2022-11-24T02:32:36","date_gmt":"2022-11-24T02:32:36","guid":{"rendered":"https:\/\/cabinetmonassurance.fr\/?page_id=2867"},"modified":"2022-11-24T03:15:31","modified_gmt":"2022-11-24T03:15:31","slug":"conditions-generales","status":"publish","type":"page","link":"https:\/\/cabinetmonassurance.fr\/index.php\/conditions-generales\/","title":{"rendered":"Conditions g\u00e9n\u00e9rales"},"content":{"rendered":"<p><div class=\"fusion-fullwidth fullwidth-box fusion-builder-row-1 fusion-flex-container nonhundred-percent-fullwidth non-hundred-percent-height-scrolling\" style=\"--link_hover_color: var(--awb-color5);--link_color: var(--awb-color7);--awb-border-radius-top-left:0px;--awb-border-radius-top-right:0px;--awb-border-radius-bottom-right:0px;--awb-border-radius-bottom-left:0px;--awb-padding-top:50px;--awb-padding-right:150px;--awb-padding-bottom:50px;--awb-padding-left:150px;--awb-padding-top-medium:60px;--awb-padding-bottom-medium:60px;--awb-padding-top-small:20px;--awb-padding-right-small:30px;--awb-padding-bottom-small:60px;--awb-padding-left-small:30px;--awb-background-color:var(--awb-color2);\" ><div class=\"fusion-builder-row fusion-row fusion-flex-align-items-flex-start fusion-flex-justify-content-center\" style=\"max-width:1310.4px;margin-left: calc(-4% \/ 2 );margin-right: calc(-4% \/ 2 );\"><div class=\"fusion-layout-column fusion_builder_column fusion-builder-column-0 fusion_builder_column_3_4 3_4 fusion-flex-column\" style=\"--awb-overflow:hidden;--awb-bg-size:cover;--awb-border-color:hsla(var(--awb-color1-h),var(--awb-color1-s),calc( var(--awb-color1-l) - 100% ),calc( var(--awb-color1-a) - 95% ));--awb-border-style:solid;--awb-border-radius:8px 8px 8px 8px;--awb-width-large:75%;--awb-spacing-right-large:70px;--awb-spacing-left-large:70px;--awb-width-medium:80%;--awb-order-medium:0;--awb-spacing-right-medium:0px;--awb-spacing-left-medium:0px;--awb-width-small:100%;--awb-order-small:0;--awb-spacing-right-small:0px;--awb-spacing-left-small:0px;\"><div class=\"fusion-column-wrapper fusion-column-has-shadow fusion-flex-justify-content-flex-start fusion-content-layout-column\"><div class=\"fusion-text fusion-text-1\" style=\"--awb-font-size:15px;\"><h4>Pr\u00e9sentation du site<\/h4>\n<p>Mon Assurance<span class=\"Apple-converted-space\">  <\/span>(ORIAS 22003088) est une soci\u00e9t\u00e9 de courtage qui r\u00e9pond aux exigences de la loi et du Code des Assurances. Elle n&#8217;est li\u00e9e \u00e0 aucune soci\u00e9t\u00e9 financi\u00e8re et ne comporte aucun actionnaire li\u00e9 \u00e0 des soci\u00e9t\u00e9s de ce type et\/ou compagnies d&#8217;assurance, mutuelles ou institutions. Sauf demande ou probl\u00e8me sp\u00e9cifique, nous agissons selon d\u00e9finition du courtier &#8220;b&#8221;.<\/p>\n<p>Service R\u00e9clamation, \u00e0 l&#8217;adresse du si\u00e8ge social : 2646 avenue du grand defends 83700 Saint Raphael monassurance83@gmail.com<\/p>\n<h4>\u00c9diteur<\/h4>\n<p>L\u2019\u00e9diteur et le directeur de la publication du site est : Michel Teixeira courtier en Assurances Mon Assurance 0607793074 monassurance83@gmail.com<span class=\"Apple-converted-space\"> <\/span><\/p>\n<p>Les informations collect\u00e9es sur ce site sont destin\u00e9es au cabinet Mon Assurance de M Michel Teixeira. Conform\u00e9ment a l\u2019article 34 et suivants de la loi \u00ab informatique et libert\u00e9s \u00bb N\u00b0 78-17<span class=\"Apple-converted-space\">  <\/span>du 06 janvier 1978, modifi\u00e9e par la loi N 2004-801 du 06 aout 2004, vous disposez d\u2019un droit d\u2019acc\u00e8s, de modifications, de rectifications et de suppressions des donn\u00e9es qui vous concernent. Pour l\u2019exercer, merci d\u2019adresser votre mail a monassurance83@gmail.com<span class=\"Apple-converted-space\"> <\/span><\/p>\n<h4>H\u00e9bergeur<\/h4>\n<p>Hostinger International Ltd<br \/>\n61 Lordou Vironos str., 6023 Larnaca, Cyprus<br \/>\ncompliance@hostinger.com<\/p>\n<h4>Protection des donn\u00e9es personnelles<\/h4>\n<p>Vous reconnaissez \u00eatre inform\u00e9(e) que Monsieur Teixeira, responsable du traitement de donn\u00e9es \u00e0 caract\u00e8re personnel (au sens de l\u2019article 3 de la loi n\u00b0 78-17 du 6 janvier 1978 relative \u00e0 l\u2019informatique, aux fichiers et aux libert\u00e9s), est susceptible de collecter (notamment par le biais de questionnaires) et de traiter des donn\u00e9es \u00e0 caract\u00e8re personnel vous concernant. Les informations qui vous sont demand\u00e9es sont aussi destin\u00e9es aux partenaires en fonction des produits s\u00e9lectionn\u00e9es dans votre demande et ont pour objet de nous permettre de r\u00e9pondre \u00e0 votre demande d&#8217;information ou de souscription.<br \/>\nElles pourront \u00e9ventuellement \u00eatre transmises aux sous-traitants qui agissent en son nom et pour son compte et ce, dans le respect des r\u00e8gles de s\u00e9curit\u00e9 et de confidentialit\u00e9.<\/p>\n<p>A cet \u00e9gard, nous vous informons du caract\u00e8re facultatif des r\u00e9ponses aux questions figurant dans les questionnaires qui vous seraient propos\u00e9s.<\/p>\n<p>D&#8217;autres questionnaires doivent \u00eatre obligatoirement remplis pour nous permettre de r\u00e9pondre \u00e0 votre demande ou pour des actes de souscription ou de gestion de vos contrats.<\/p>\n<p>De surcro\u00eet, vous reconnaissez avoir \u00e9t\u00e9 inform\u00e9(e) des droits suivants dont vous disposez en application des articles 38, 39 et 40 de la loi n\u00b078-17 du 6 janvier 1978 susvis\u00e9e :<\/p>\n<ul>\n<li>les droits d\u2019acc\u00e8s et de rectification, lesquels pourront \u00eatre exerc\u00e9s aupr\u00e8s du site www.cabinetmonassurance.fr en nous \u00e9crivant : CABINET Mon Assurance Avenue du grand defends 83700 saint Raphael<span class=\"Apple-converted-space\"> <\/span><\/li>\n<li>le droit de vous opposer \u00e0 ce que les donn\u00e9es vous concernant soient utilis\u00e9es par \u00e0 des fins de prospection commerciale, opposition que vous pouvez manifester en nous \u00e9crivant \u00e0 l\u2019adresse susvis\u00e9e, ou par mail \u00e0 monassurance83@gmail.com<\/li>\n<\/ul>\n<h4><b>Commission Nationale de l\u2019informatique et des libert\u00e9s<\/b><\/h4>\n<p>Num\u00e9ros d\u00e9claration CNIL : <b>1549871<\/b> et <b>1745452<\/b><br \/>\nLes informations collect\u00e9es sur ce site sont destin\u00e9es au cabinet Mon assurance de monsieur TEIXEIRA.<br \/>\nConform\u00e9ment \u00e0 l&#8217;article 34 et suivants de la loi &#8220;Informatique et Libert\u00e9s&#8221; N\u00b0 78-17 du 6 janvier 1978, modifi\u00e9e par la loi N\u00b0 2004- 801 du 6 ao\u00fbt 2004, vous disposez d&#8217;un droit d&#8217;acc\u00e8s, de modification, de rectification et de suppression des donn\u00e9es qui vous concernent.<br \/>\nPour l&#8217;exercer, merci d&#8217;adresser votre mail \u00e0 monassurance83@gmail.com ou par courrier au<\/p>\n<\/p>\n<h4><b>Cabinet MON ASSURANCE<\/b><\/h4>\n<p>M. Michel Teixeira<span class=\"Apple-converted-space\"> <\/span><\/p>\n<p>Avenue du grand defends<span class=\"Apple-converted-space\"> <\/span><\/p>\n<p>83700 Saint Raphael<span class=\"Apple-converted-space\"> <\/span><\/p>\n<p>L&#8217;utilisateur est inform\u00e9<b> <\/b>que lors de ses visites sur le site, un cookie peut s&#8217;installer automatiquement sur son logiciel de navigation. Un cookie est un \u00e9l\u00e9ment qui ne permet pas d&#8217;identifier l&#8217;utilisateur mais sert \u00e0 enregistrer des informations relatives \u00e0 la navigation de celui-ci sur le site Internet. Le param\u00e9trage de votre logiciel de navigation permet d&#8217;informer de la pr\u00e9sence de cookies et \u00e9ventuellement de la refuser selon la proc\u00e9dure d\u00e9crite \u00e0 l&#8217;adresse suivante : www.cnil.fr .<\/p>\n<h4><b>Propri\u00e9t\u00e9 Intellectuelle<\/b><\/h4>\n<p>Copyrights contenus \u00e9ditoriaux :<br \/>\nTous droits du propri\u00e9taire du contenu du site Internet www.cabinet<i>monassurance<\/i>.fr r\u00e9serv\u00e9s. Toute reproduction et toute utilisation du contenu du site autre que la consultation individuelle et priv\u00e9e sont interdites, sauf autorisation expresse.<\/p>\n<h4><b>Mises en garde et conditions d\u2019utilisation du pr\u00e9sent site <\/b><\/h4>\n<p>L&#8217;information communiqu\u00e9e sur ce site est pr\u00e9sent\u00e9e \u00e0 titre indicatif et g\u00e9n\u00e9ral. Elle ne pr\u00e9tend aucunement \u00e0 l&#8217;exhaustivit\u00e9. Malgr\u00e9 les mises \u00e0 jour du contenu du site, www.cabinetmonassurance.fr ne peut \u00eatre tenu pour responsable de la modification des dispositions administratives et juridiques survenant apr\u00e8s la publication.<\/p>\n<p>Les simulations pr\u00e9sent\u00e9es sur le site ont \u00e9t\u00e9 con\u00e7ues pour vous fournir des informations \u00e0 titre indicatif. Ces informations ne peuvent \u00eatre assimil\u00e9es \u00e0 des conseils.<\/p>\n<\/p>\n<h4><b>Responsabilit\u00e9<\/b><\/h4>\n<p>www.cabinetmonassurance.fr d\u00e9cline toute responsabilit\u00e9 quant \u00e0 l&#8217;usage qui peut \u00eatre fait des informations diffus\u00e9es sur son site.<\/p>\n<p>Nous rappelons que le contenu de notre site peut comporter des inexactitudes techniques, erreurs typographiques ou omissions, et que ce contenu peut \u00eatre modifi\u00e9 ou mis \u00e0 jour sans pr\u00e9avis.<\/p>\n<p>www.cabinetmonassurance.fr vous propose un certain nombre de liens vers d&#8217;autres sites. Il ne peut en aucun cas \u00eatre tenu responsable du contenu de ceux-ci, n&#8217;ayant aucun moyen de contr\u00f4ler leur contenu.<\/p>\n<p>www.cabinetmonassurance.fr se r\u00e9serve le droit de modifier le contenu des offres commerciales.<\/p>\n<\/div><\/div><\/div><\/div><\/div><div class=\"fusion-fullwidth fullwidth-box fusion-builder-row-2 fusion-flex-container has-pattern-background has-mask-background nonhundred-percent-fullwidth non-hundred-percent-height-scrolling fusion-no-small-visibility\" style=\"--awb-border-radius-top-left:0px;--awb-border-radius-top-right:0px;--awb-border-radius-bottom-right:0px;--awb-border-radius-bottom-left:0px;--awb-padding-top:60px;--awb-padding-bottom:60px;--awb-padding-bottom-medium:32px;--awb-padding-top-small:40px;--awb-padding-bottom-small:40px;\" ><div class=\"fusion-builder-row fusion-row fusion-flex-align-items-flex-start fusion-flex-justify-content-center\" style=\"max-width:1310.4px;margin-left: calc(-4% \/ 2 );margin-right: calc(-4% \/ 2 );\"><div class=\"fusion-layout-column fusion_builder_column fusion-builder-column-1 fusion_builder_column_1_1 1_1 fusion-flex-column\" style=\"--awb-padding-top:5%;--awb-padding-right:6%;--awb-padding-bottom:5%;--awb-padding-left:6%;--awb-overflow:hidden;--awb-bg-color:var(--awb-custom10);--awb-bg-size:cover;--awb-box-shadow:0px 24px 40px 0px hsla(var(--awb-custom1-h),var(--awb-custom1-s),var(--awb-custom1-l),calc( var(--awb-custom1-a) - 76% ));;--awb-border-radius:24px 24px 24px 24px;--awb-width-large:100%;--awb-spacing-right-large:0%;--awb-spacing-left-large:0%;--awb-width-medium:100%;--awb-order-medium:0;--awb-spacing-right-medium:0%;--awb-spacing-left-medium:0%;--awb-width-small:100%;--awb-order-small:0;--awb-spacing-right-small:1.92%;--awb-spacing-left-small:1.92%;\"><div class=\"fusion-column-wrapper fusion-column-has-shadow fusion-flex-justify-content-flex-start fusion-content-layout-column\"><div class=\"fusion-builder-row fusion-builder-row-inner fusion-row fusion-flex-align-items-flex-start fusion-flex-justify-content-center\" style=\"width:104% !important;max-width:104% !important;margin-left: calc(-4% \/ 2 );margin-right: calc(-4% \/ 2 );\"><div class=\"fusion-layout-column fusion_builder_column_inner fusion-builder-nested-column-0 fusion_builder_column_inner_3_4 3_4 fusion-flex-column\" style=\"--awb-bg-size:cover;--awb-width-large:75%;--awb-margin-top-large:12px;--awb-spacing-right-large:2.56%;--awb-spacing-left-large:2.56%;--awb-width-medium:60%;--awb-order-medium:0;--awb-spacing-right-medium:3.2%;--awb-spacing-left-medium:3.2%;--awb-width-small:100%;--awb-order-small:0;--awb-spacing-right-small:1.92%;--awb-margin-bottom-small:0px;--awb-spacing-left-small:1.92%;\"><div class=\"fusion-column-wrapper fusion-column-has-shadow fusion-flex-justify-content-flex-start fusion-content-layout-column\"><div class=\"fusion-title title fusion-title-1 fusion-sep-none fusion-title-text fusion-title-size-one\" style=\"--awb-text-color:var(--awb-color1);\"><h1 class=\"title-heading-left sm-text-align-center fusion-responsive-typography-calculated\" style=\"margin:0;--fontSize:60;line-height:var(--awb-typography1-line-height);\">Obtenez un tarif<span style=\"color: var(--awb-color7);\">.<\/span><\/h1><\/div><div class=\"fusion-text fusion-text-2 sm-text-align-center\" style=\"--awb-font-size:26px;--awb-line-height:36px;--awb-text-color:var(--awb-color1);\"><p>Enfin une assurance qui r\u00e9pond vraiment \u00e0 vos besoins !<\/p>\n<\/div><\/div><\/div><div class=\"fusion-layout-column fusion_builder_column_inner fusion-builder-nested-column-1 fusion_builder_column_inner_1_4 1_4 fusion-flex-column\" style=\"--awb-bg-size:cover;--awb-width-large:25%;--awb-spacing-right-large:7.68%;--awb-spacing-left-large:7.68%;--awb-width-medium:40%;--awb-order-medium:0;--awb-spacing-right-medium:4.8%;--awb-spacing-left-medium:4.8%;--awb-width-small:100%;--awb-order-small:0;--awb-spacing-right-small:1.92%;--awb-spacing-left-small:1.92%;\"><div class=\"fusion-column-wrapper fusion-column-has-shadow fusion-flex-justify-content-flex-start fusion-content-layout-column\"><div style=\"text-align:center;\"><a class=\"fusion-button button-flat fusion-button-default-size button-default fusion-button-default button-1 fusion-button-span-yes fusion-button-default-type\" target=\"_self\" href=\"https:\/\/cabinetmonassurance.fr\/contact\/\"><span class=\"fusion-button-text\">Devis gratuit<\/span><\/a><\/div><div style=\"text-align:center;\"><a class=\"fusion-button button-flat fusion-button-default-size button-custom fusion-button-default button-2 fusion-button-span-yes fusion-button-default-type\" style=\"--button_accent_color:var(--awb-color1);--button_accent_hover_color:var(--awb-color7);--button_border_hover_color:var(--awb-color7);--button_gradient_top_color:var(--awb-custom1);--button_gradient_bottom_color:var(--awb-custom1);--button_gradient_top_color_hover:var(--awb-color1);--button_gradient_bottom_color_hover:var(--awb-color1);--button_margin-top:12px;\" target=\"_self\" href=\"tel: 06 07 70 30 74\"><i class=\"icon-accountant-call-us button-icon-left\" aria-hidden=\"true\"><\/i><span class=\"fusion-button-text\">06 07 70 30 74<\/span><\/a><\/div><\/div><\/div><\/div><\/div><\/div><\/div><\/div>\n<\/p>\n","protected":false},"excerpt":{"rendered":"","protected":false},"author":1,"featured_media":0,"parent":0,"menu_order":0,"comment_status":"closed","ping_status":"closed","template":"100-width.php","meta":[],"aioseo_notices":[],"_links":{"self":[{"href":"https:\/\/cabinetmonassurance.fr\/index.php\/wp-json\/wp\/v2\/pages\/2867"}],"collection":[{"href":"https:\/\/cabinetmonassurance.fr\/index.php\/wp-json\/wp\/v2\/pages"}],"about":[{"href":"https:\/\/cabinetmonassurance.fr\/index.php\/wp-json\/wp\/v2\/types\/page"}],"author":[{"embeddable":true,"href":"https:\/\/cabinetmonassurance.fr\/index.php\/wp-json\/wp\/v2\/users\/1"}],"replies":[{"embeddable":true,"href":"https:\/\/cabinetmonassurance.fr\/index.php\/wp-json\/wp\/v2\/comments?post=2867"}],"version-history":[{"count":3,"href":"https:\/\/cabinetmonassurance.fr\/index.php\/wp-json\/wp\/v2\/pages\/2867\/revisions"}],"predecessor-version":[{"id":2873,"href":"https:\/\/cabinetmonassurance.fr\/index.php\/wp-json\/wp\/v2\/pages\/2867\/revisions\/2873"}],"wp:attachment":[{"href":"https:\/\/cabinetmonassurance.fr\/index.php\/wp-json\/wp\/v2\/media?parent=2867"}],"curies":[{"name":"wp","href":"https:\/\/api.w.org\/{rel}","templated":true}]}}