{"id":1099,"date":"2020-09-14T16:02:14","date_gmt":"2020-09-14T16:02:14","guid":{"rendered":"https:\/\/cabinetmonassurance.fr\/?page_id=1099"},"modified":"2022-11-24T02:18:37","modified_gmt":"2022-11-24T02:18:37","slug":"mentions-legales","status":"publish","type":"page","link":"https:\/\/cabinetmonassurance.fr\/index.php\/mentions-legales\/","title":{"rendered":"Mentions l\u00e9gales"},"content":{"rendered":"<p><div class=\"fusion-fullwidth fullwidth-box fusion-builder-row-1 fusion-flex-container nonhundred-percent-fullwidth non-hundred-percent-height-scrolling\" style=\"--link_hover_color: var(--awb-color5);--link_color: var(--awb-color7);--awb-border-radius-top-left:0px;--awb-border-radius-top-right:0px;--awb-border-radius-bottom-right:0px;--awb-border-radius-bottom-left:0px;--awb-padding-top:50px;--awb-padding-right:150px;--awb-padding-bottom:50px;--awb-padding-left:150px;--awb-padding-top-medium:60px;--awb-padding-bottom-medium:60px;--awb-padding-top-small:20px;--awb-padding-right-small:30px;--awb-padding-bottom-small:60px;--awb-padding-left-small:30px;--awb-background-color:var(--awb-color2);\" ><div class=\"fusion-builder-row fusion-row fusion-flex-align-items-flex-start fusion-flex-justify-content-center\" style=\"max-width:1310.4px;margin-left: calc(-4% \/ 2 );margin-right: calc(-4% \/ 2 );\"><div class=\"fusion-layout-column fusion_builder_column fusion-builder-column-0 fusion_builder_column_3_4 3_4 fusion-flex-column\" style=\"--awb-overflow:hidden;--awb-bg-size:cover;--awb-border-color:hsla(var(--awb-color1-h),var(--awb-color1-s),calc( var(--awb-color1-l) - 100% ),calc( var(--awb-color1-a) - 95% ));--awb-border-style:solid;--awb-border-radius:8px 8px 8px 8px;--awb-width-large:75%;--awb-spacing-right-large:70px;--awb-spacing-left-large:70px;--awb-width-medium:80%;--awb-order-medium:0;--awb-spacing-right-medium:0px;--awb-spacing-left-medium:0px;--awb-width-small:100%;--awb-order-small:0;--awb-spacing-right-small:0px;--awb-spacing-left-small:0px;\"><div class=\"fusion-column-wrapper fusion-column-has-shadow fusion-flex-justify-content-flex-start fusion-content-layout-column\"><div class=\"fusion-text fusion-text-1\" style=\"--awb-font-size:15px;\"><p style=\"text-align: justify;\"><strong>Editeur du site<\/strong><br \/>\nMon Assurance SAS au capital de 1000 euros &#8211; RCS 912 298 858 R.C.S Fr\u00e9jus CIF &#8211; Interm\u00e9diaire d\u2019assurances \u2013 Conform\u00e9ment aux dispositions de l\u2019article 6 III-1 de la loi n\u00b0 2004-575 du 21 juin 2004 pour la confiance dans l\u2019\u00e9conomie num\u00e9rique nous vous informons que M TEIXEIRA Michel est inscrit sous le N\u00b0 d&#8217;inscription ORIAS : 22003088 &#8211; Courtier en assurance -site web ORIAS : www.orias.fr<\/p>\n<p style=\"text-align: justify;\">Responsabilit\u00e9 Civiles &amp; Professionnelle &amp; Garantie Financi\u00e8re souscrites aupr\u00e8s de Liberty Specialty Markets Europe Sarl (LSME) agissant pour le compte et par mandat de Liberty Mutual Insurance Europe SE (LMIE) pour la gestion s\u2019adresser \u00e0 MATRISK Group : courtier d&#8217;assurance-22,rue de la maison Rouge\u201477185 Lognes _ Courriel : contact@matriskassurance.com _ T\u00e9l : 0 805 69 68 20.<\/p>\n<p style=\"text-align: justify;\">SARL au capital de 320 000\u20ac -RCS Meaux 504 444 209\u2014ORIAS n\u00b015 003 809\u2014 www.orias.fr. Num\u00e9ro de contrat MRCSBRO202204FR00000000041896A00.<\/p>\n<p style=\"text-align: justify;\">Adh\u00e9sion \u00e0 l\u2019organisation professionnelle obligatoire pour exercer l\u2019activit\u00e9 de Courtier en Assurances CNCEF Assurance-Association r\u00e9gie par la loi 1901- 103 boulevard Haussmann 75008 Paris tel 01\/56.26.06.01 contact@cncef.org SIRET 878 643 915 00019 Code Naf 9412Z<\/p>\n<p style=\"text-align: justify;\">Mon Assurance (ORIAS 22003088) est une soci\u00e9t\u00e9 de courtage qui r\u00e9pond aux exigences de la loi et du Code des Assurances. Elle n&#8217;est li\u00e9e \u00e0 aucune soci\u00e9t\u00e9 financi\u00e8re et ne comporte aucun actionnaire li\u00e9 \u00e0 des soci\u00e9t\u00e9s de ce type et\/ou compagnies d&#8217;assurance, mutuelles ou institutions. Sauf demande ou probl\u00e8me sp\u00e9cifique, nous agissons selon d\u00e9finition du courtier &#8220;b&#8221;.<\/p>\n<p style=\"text-align: justify;\"><strong>Service R\u00e9clamation<\/strong>, \u00e0 l&#8217;adresse du si\u00e8ge social : 2646 avenue du grand defends 83700 Saint Raphael monassurance83@gmail.com<\/p>\n<p style=\"text-align: justify;\"><strong>L\u2019\u00e9diteur et le directeur de la publication du site<\/strong> est : Michel Teixeira courtier en Assurances Mon Assurance 0607793074 monassurance83@gmail.com<\/p>\n<p style=\"text-align: justify;\"><strong>Les informations collect\u00e9es sur ce site<\/strong> sont destin\u00e9es au cabinet Mon Assurance de M Michel Teixeira. Conform\u00e9ment a l\u2019article 34 et suivants de la loi \u00ab informatique et libert\u00e9s \u00bb N\u00b0 78-17 du 06 janvier 1978, modifi\u00e9e par la loi N 2004-801 du 06 aout 2004, vous disposez d\u2019un droit d\u2019acc\u00e8s, de modifications, de rectifications et de suppressions des donn\u00e9es qui vous concernent. Pour l\u2019exercer, merci d\u2019adresser votre mail a monassurance83@gmail.com<\/p>\n<div style=\"text-align: justify;\"><strong style=\"color: var(--body_typography-color); font-family: var(--body_typography-font-family); font-style: var(--body_typography-font-style,normal); letter-spacing: var(--body_typography-letter-spacing);\">D\u00e9veloppement, r\u00e9alisation et int\u00e9gration<\/strong><\/div>\n<div style=\"text-align: justify;\"><span style=\"background-color: var(--awb-color2); color: var(--body_typography-color); font-family: var(--body_typography-font-family); font-style: var(--body_typography-font-style,normal); letter-spacing: var(--body_typography-letter-spacing);\">Le Marketer: \u20281 Rue Jean Jacques Rousseau\u202894200 Ivry Sur-Seine \u2013 France<\/span><\/div>\n<div style=\"text-align: justify;\"><span style=\"background-color: var(--awb-color2); color: var(--body_typography-color); font-family: var(--body_typography-font-family); font-style: var(--body_typography-font-style,normal); letter-spacing: var(--body_typography-letter-spacing);\">H\u00e9bergement: Hostinger<\/span><\/div>\n<\/div><\/div><\/div><\/div><\/div><div class=\"fusion-fullwidth fullwidth-box fusion-builder-row-2 fusion-flex-container has-pattern-background has-mask-background nonhundred-percent-fullwidth non-hundred-percent-height-scrolling fusion-no-small-visibility\" style=\"--awb-border-radius-top-left:0px;--awb-border-radius-top-right:0px;--awb-border-radius-bottom-right:0px;--awb-border-radius-bottom-left:0px;--awb-padding-top:60px;--awb-padding-bottom:60px;--awb-padding-bottom-medium:32px;--awb-padding-top-small:40px;--awb-padding-bottom-small:40px;\" ><div class=\"fusion-builder-row fusion-row fusion-flex-align-items-flex-start fusion-flex-justify-content-center\" style=\"max-width:1310.4px;margin-left: calc(-4% \/ 2 );margin-right: calc(-4% \/ 2 );\"><div class=\"fusion-layout-column fusion_builder_column fusion-builder-column-1 fusion_builder_column_1_1 1_1 fusion-flex-column\" style=\"--awb-padding-top:5%;--awb-padding-right:6%;--awb-padding-bottom:5%;--awb-padding-left:6%;--awb-overflow:hidden;--awb-bg-color:var(--awb-custom10);--awb-bg-size:cover;--awb-box-shadow:0px 24px 40px 0px hsla(var(--awb-custom1-h),var(--awb-custom1-s),var(--awb-custom1-l),calc( var(--awb-custom1-a) - 76% ));;--awb-border-radius:24px 24px 24px 24px;--awb-width-large:100%;--awb-spacing-right-large:0%;--awb-spacing-left-large:0%;--awb-width-medium:100%;--awb-order-medium:0;--awb-spacing-right-medium:0%;--awb-spacing-left-medium:0%;--awb-width-small:100%;--awb-order-small:0;--awb-spacing-right-small:1.92%;--awb-spacing-left-small:1.92%;\"><div class=\"fusion-column-wrapper fusion-column-has-shadow fusion-flex-justify-content-flex-start fusion-content-layout-column\"><div class=\"fusion-builder-row fusion-builder-row-inner fusion-row fusion-flex-align-items-flex-start fusion-flex-justify-content-center\" style=\"width:104% !important;max-width:104% !important;margin-left: calc(-4% \/ 2 );margin-right: calc(-4% \/ 2 );\"><div class=\"fusion-layout-column fusion_builder_column_inner fusion-builder-nested-column-0 fusion_builder_column_inner_3_4 3_4 fusion-flex-column\" style=\"--awb-bg-size:cover;--awb-width-large:75%;--awb-margin-top-large:12px;--awb-spacing-right-large:2.56%;--awb-spacing-left-large:2.56%;--awb-width-medium:60%;--awb-order-medium:0;--awb-spacing-right-medium:3.2%;--awb-spacing-left-medium:3.2%;--awb-width-small:100%;--awb-order-small:0;--awb-spacing-right-small:1.92%;--awb-margin-bottom-small:0px;--awb-spacing-left-small:1.92%;\"><div class=\"fusion-column-wrapper fusion-column-has-shadow fusion-flex-justify-content-flex-start fusion-content-layout-column\"><div class=\"fusion-title title fusion-title-1 fusion-sep-none fusion-title-text fusion-title-size-one\" style=\"--awb-text-color:var(--awb-color1);\"><h1 class=\"title-heading-left sm-text-align-center fusion-responsive-typography-calculated\" style=\"margin:0;--fontSize:60;line-height:var(--awb-typography1-line-height);\">Obtenez un tarif<span style=\"color: var(--awb-color7);\">.<\/span><\/h1><\/div><div class=\"fusion-text fusion-text-2 sm-text-align-center\" style=\"--awb-font-size:26px;--awb-line-height:36px;--awb-text-color:var(--awb-color1);\"><p>Enfin une assurance qui r\u00e9pond vraiment \u00e0 vos besoins !<\/p>\n<\/div><\/div><\/div><div class=\"fusion-layout-column fusion_builder_column_inner fusion-builder-nested-column-1 fusion_builder_column_inner_1_4 1_4 fusion-flex-column\" style=\"--awb-bg-size:cover;--awb-width-large:25%;--awb-spacing-right-large:7.68%;--awb-spacing-left-large:7.68%;--awb-width-medium:40%;--awb-order-medium:0;--awb-spacing-right-medium:4.8%;--awb-spacing-left-medium:4.8%;--awb-width-small:100%;--awb-order-small:0;--awb-spacing-right-small:1.92%;--awb-spacing-left-small:1.92%;\"><div class=\"fusion-column-wrapper fusion-column-has-shadow fusion-flex-justify-content-flex-start fusion-content-layout-column\"><div style=\"text-align:center;\"><a class=\"fusion-button button-flat fusion-button-default-size button-default fusion-button-default button-1 fusion-button-span-yes fusion-button-default-type\" target=\"_self\" href=\"https:\/\/cabinetmonassurance.fr\/contact\/\"><span class=\"fusion-button-text\">Devis gratuit<\/span><\/a><\/div><div style=\"text-align:center;\"><a class=\"fusion-button button-flat fusion-button-default-size button-custom fusion-button-default button-2 fusion-button-span-yes fusion-button-default-type\" style=\"--button_accent_color:var(--awb-color1);--button_accent_hover_color:var(--awb-color7);--button_border_hover_color:var(--awb-color7);--button_gradient_top_color:var(--awb-custom1);--button_gradient_bottom_color:var(--awb-custom1);--button_gradient_top_color_hover:var(--awb-color1);--button_gradient_bottom_color_hover:var(--awb-color1);--button_margin-top:12px;\" target=\"_self\" href=\"tel: 06 07 70 30 74\"><i class=\"icon-accountant-call-us button-icon-left\" aria-hidden=\"true\"><\/i><span class=\"fusion-button-text\">06 07 70 30 74<\/span><\/a><\/div><\/div><\/div><\/div><\/div><\/div><\/div><\/div>\n<\/p>\n","protected":false},"excerpt":{"rendered":"","protected":false},"author":1,"featured_media":0,"parent":0,"menu_order":0,"comment_status":"closed","ping_status":"closed","template":"100-width.php","meta":[],"aioseo_notices":[],"_links":{"self":[{"href":"https:\/\/cabinetmonassurance.fr\/index.php\/wp-json\/wp\/v2\/pages\/1099"}],"collection":[{"href":"https:\/\/cabinetmonassurance.fr\/index.php\/wp-json\/wp\/v2\/pages"}],"about":[{"href":"https:\/\/cabinetmonassurance.fr\/index.php\/wp-json\/wp\/v2\/types\/page"}],"author":[{"embeddable":true,"href":"https:\/\/cabinetmonassurance.fr\/index.php\/wp-json\/wp\/v2\/users\/1"}],"replies":[{"embeddable":true,"href":"https:\/\/cabinetmonassurance.fr\/index.php\/wp-json\/wp\/v2\/comments?post=1099"}],"version-history":[{"count":17,"href":"https:\/\/cabinetmonassurance.fr\/index.php\/wp-json\/wp\/v2\/pages\/1099\/revisions"}],"predecessor-version":[{"id":2839,"href":"https:\/\/cabinetmonassurance.fr\/index.php\/wp-json\/wp\/v2\/pages\/1099\/revisions\/2839"}],"wp:attachment":[{"href":"https:\/\/cabinetmonassurance.fr\/index.php\/wp-json\/wp\/v2\/media?parent=1099"}],"curies":[{"name":"wp","href":"https:\/\/api.w.org\/{rel}","templated":true}]}}